{"id":63,"date":"2025-06-26T11:27:29","date_gmt":"2025-06-26T14:27:29","guid":{"rendered":"https:\/\/bibliotecamunzon.ar\/?page_id=63"},"modified":"2025-08-18T11:18:14","modified_gmt":"2025-08-18T14:18:14","slug":"quienes-somos","status":"publish","type":"page","link":"https:\/\/bibliotecamunzon.ar\/index.php\/quienes-somos\/","title":{"rendered":"QUIENES SOMOS"},"content":{"rendered":"<p>[vc_row][vc_column column_width_percent=&#8221;100&#8243; gutter_size=&#8221;0&#8243; overlay_alpha=&#8221;50&#8243; shift_x=&#8221;0&#8243; shift_y=&#8221;0&#8243; shift_y_down=&#8221;0&#8243; z_index=&#8221;0&#8243; medium_width=&#8221;0&#8243; mobile_width=&#8221;0&#8243; width=&#8221;1\/1&#8243; uncode_shortcode_id=&#8221;331092&#8243;][vc_column_text uncode_shortcode_id=&#8221;107213&#8243;]<span style=\"font-size: 24pt; color: #000000;\"><span class=\"font-167140\">A QU\u00c9 ASPIRAMOS<\/span><\/span>[\/vc_column_text][vc_separator sep_color=&#8221;color-128080&#8243; uncode_shortcode_id=&#8221;176868&#8243; sep_color_type=&#8221;uncode-palette&#8221;][vc_column_text uncode_shortcode_id=&#8221;167905&#8243;]<\/p>\n<p class=\"p-2 mb-1 bt\"><span class=\"font-769965\" style=\"color: #000000;\">Los a\u00f1os de servicio nos han hecho comprender las necesidades del barrio y nuestro papel como instituci\u00f3n, no solo como responsable de gestionar la informaci\u00f3n, sino tambi\u00e9n como gestora cultural y nexo entre vecinos, escuelas, autoridades y la propia biblioteca.<\/span><\/p>\n<p>[\/vc_column_text][\/vc_column][\/vc_row][vc_row row_height_percent=&#8221;0&#8243; overlay_alpha=&#8221;50&#8243; gutter_size=&#8221;0&#8243; column_width_percent=&#8221;100&#8243; shift_y=&#8221;-2&#8243; z_index=&#8221;0&#8243; content_parallax=&#8221;0&#8243; uncode_shortcode_id=&#8221;184466&#8243;][vc_column column_width_percent=&#8221;100&#8243; gutter_size=&#8221;0&#8243; back_color=&#8221;color-128080&#8243; overlay_alpha=&#8221;50&#8243; shift_x=&#8221;0&#8243; shift_y=&#8221;0&#8243; shift_y_down=&#8221;0&#8243; z_index=&#8221;0&#8243; medium_width=&#8221;0&#8243; mobile_width=&#8221;0&#8243; width=&#8221;1\/2&#8243; uncode_shortcode_id=&#8221;177332&#8243; back_color_type=&#8221;uncode-palette&#8221;][vc_column_text uncode_shortcode_id=&#8221;173764&#8243;]<\/p>\n<p style=\"text-align: center;\"><span style=\"font-size: 18pt; color: #ffffff;\"><span class=\"font-167140\">Misi\u00f3n<\/span><\/span><\/p>\n<p>[\/vc_column_text][vc_column_text uncode_shortcode_id=&#8221;142658&#8243;]<\/p>\n<p class=\"p-2 mb-1 bt\"><strong><span class=\"font-769965\" style=\"color: #ffffff;\">Nuestra misi\u00f3n es constituirnos como una instituci\u00f3n sin fines de lucro con amplitud y pluralismo ideol\u00f3gico para canalizar el derecho a la informaci\u00f3n de los ni\u00f1os, j\u00f3venes y adultos de la comunidad, siendo custodios, adem\u00e1s, de la memoria local y su patrimonio cultural, como as\u00ed tambi\u00e9n ser un espacio de difusi\u00f3n de todas sus expresiones, siempre en armon\u00eda con nuestro ambiente natural.<\/span><\/strong><\/p>\n<p>[\/vc_column_text][\/vc_column][vc_column column_width_percent=&#8221;100&#8243; gutter_size=&#8221;0&#8243; back_color=&#8221;color-569282&#8243; overlay_alpha=&#8221;50&#8243; shift_x=&#8221;0&#8243; shift_y=&#8221;0&#8243; shift_y_down=&#8221;0&#8243; z_index=&#8221;0&#8243; medium_width=&#8221;0&#8243; mobile_width=&#8221;0&#8243; width=&#8221;1\/2&#8243; uncode_shortcode_id=&#8221;178805&#8243; back_color_type=&#8221;uncode-palette&#8221;][vc_column_text uncode_shortcode_id=&#8221;203911&#8243;]<\/p>\n<p style=\"text-align: center;\"><span style=\"font-size: 18pt; color: #ffffff;\"><span class=\"font-167140\">Visi\u00f3n<\/span><\/span><\/p>\n<p>[\/vc_column_text][vc_column_text uncode_shortcode_id=&#8221;381029&#8243;]<\/p>\n<p class=\"p-2 mb-1 bt\"><strong><span class=\"font-769965\" style=\"color: #ffffff;\">Aspiramos a ser una instituci\u00f3n que brinde servicios a la comunidad, que preserve el patrimonio bibliogr\u00e1fico y cultural brindando su libre acceso a los vecinos de todas las edades. Siendo, adem\u00e1s un espacio de reuni\u00f3n para el desarrollo de la creatividad, el amor por la lectura y los libros. Un lugar donde sentirse parte, cultivar la amistad, la solidaridad y el respeto por el medio ambiente.<\/span><\/strong><\/p>\n<p>[\/vc_column_text][\/vc_column][\/vc_row][vc_row row_height_percent=&#8221;0&#8243; overlay_alpha=&#8221;50&#8243; gutter_size=&#8221;3&#8243; column_width_percent=&#8221;100&#8243; shift_y=&#8221;-3&#8243; z_index=&#8221;0&#8243; content_parallax=&#8221;0&#8243; uncode_shortcode_id=&#8221;907829&#8243; css=&#8221;.vc_custom_1751909316482{margin-top: -25px !important;}&#8221;][vc_column column_width_percent=&#8221;100&#8243; gutter_size=&#8221;0&#8243; back_color=&#8221;color-676036&#8243; overlay_alpha=&#8221;50&#8243; shift_x=&#8221;0&#8243; shift_y=&#8221;0&#8243; shift_y_down=&#8221;0&#8243; z_index=&#8221;0&#8243; medium_width=&#8221;0&#8243; mobile_width=&#8221;0&#8243; width=&#8221;1\/1&#8243; uncode_shortcode_id=&#8221;152154&#8243; back_color_type=&#8221;uncode-palette&#8221;][vc_column_text uncode_shortcode_id=&#8221;192664&#8243;]<\/p>\n<p style=\"text-align: center;\"><span style=\"font-size: 18pt; color: #ffffff;\"><span class=\"font-167140\">Objetivos<\/span><\/span><\/p>\n<p>[\/vc_column_text][vc_column_text uncode_shortcode_id=&#8221;642061&#8243;]<\/p>\n<p class=\"p-2 mb-1 bt\"><strong><span class=\"font-769965\" style=\"color: #ffffff;\">Promover el acceso equitativo de los libros generando actividades de promoci\u00f3n de lectura para ni\u00f1os, adolescentes, adultos y adultos mayores. Preservar el patrimonio hist\u00f3rico bibliogr\u00e1fico, documental y fotogr\u00e1fico de la Ciudad de Bella Vista. Generar un ambiente amigable y estimulante brindando actividades que fomenten los aprendizajes, la creatividad y la fraternidad entre los vecinos. Alentar la solidaridad generando actividades que despierten el inter\u00e9s por participar en forma voluntaria en la Instituci\u00f3n. Participar en acontecimientos, actividades locales que impliquen una labor en red para beneficio de la comunidad. Cuidar el espacio p\u00fablico, siendo respetuosos de la naturaleza y custodio del patrimonio natural.<\/span><\/strong><\/p>\n<p>[\/vc_column_text][vc_empty_space empty_h=&#8221;2&#8243;][vc_single_image media=&#8221;327&#8243; media_width_percent=&#8221;75&#8243; alignment=&#8221;center&#8221; advanced=&#8221;yes&#8221; media_items=&#8221;media|original,caption&#8221; media_text=&#8221;under&#8221; media_style=&#8221;dark&#8221; media_overlay_opacity=&#8221;1&#8243; media_overlay_anim=&#8221;no&#8221; media_h_align=&#8221;center&#8221; media_h_position=&#8221;center&#8221; media_padding=&#8221;1&#8243; lbox_skin=&#8221;white&#8221; uncode_shortcode_id=&#8221;106518&#8243;][\/vc_column][\/vc_row][vc_row][vc_column column_width_percent=&#8221;100&#8243; gutter_size=&#8221;0&#8243; overlay_alpha=&#8221;50&#8243; shift_x=&#8221;0&#8243; shift_y=&#8221;0&#8243; shift_y_down=&#8221;0&#8243; z_index=&#8221;0&#8243; medium_width=&#8221;0&#8243; mobile_width=&#8221;0&#8243; width=&#8221;1\/1&#8243; uncode_shortcode_id=&#8221;331092&#8243;][vc_column_text uncode_shortcode_id=&#8221;484857&#8243;]<span style=\"font-size: 24pt; color: #000000;\"><span class=\"font-167140\">UN POQUITO DE NOSOTROS<\/span><\/span>[\/vc_column_text][vc_separator sep_color=&#8221;color-128080&#8243; uncode_shortcode_id=&#8221;176868&#8243; sep_color_type=&#8221;uncode-palette&#8221;][vc_column_text uncode_shortcode_id=&#8221;209625&#8243;]<\/p>\n<p class=\"p-2 mb-1 bt\"><span class=\"font-769965\" style=\"color: #000000;\">La BPH Munz\u00f3n es parte de la historia de nuestra comunidad gracias al esfuerzo de cada una de las personas que han acompa\u00f1ado nuestros pasos. Somos una asociaci\u00f3n civil sin fines de lucro formada por voluntarios desde su fundaci\u00f3n y profesionales bibliotecarios que aportan su conocimiento para llevar adelante la tarea de cada d\u00eda al servicio de los usuarios y vecinos de Bella Vista.<\/span><\/p>\n<p>[\/vc_column_text][\/vc_column][\/vc_row][vc_row row_height_percent=&#8221;0&#8243; overlay_alpha=&#8221;50&#8243; gutter_size=&#8221;3&#8243; column_width_percent=&#8221;100&#8243; shift_y=&#8221;0&#8243; z_index=&#8221;0&#8243; content_parallax=&#8221;0&#8243; uncode_shortcode_id=&#8221;122258&#8243;][vc_column column_width_percent=&#8221;100&#8243; position_horizontal=&#8221;right&#8221; gutter_size=&#8221;0&#8243; back_color=&#8221;color-676036&#8243; overlay_alpha=&#8221;50&#8243; shift_x=&#8221;0&#8243; shift_y=&#8221;0&#8243; shift_y_down=&#8221;0&#8243; z_index=&#8221;0&#8243; medium_width=&#8221;0&#8243; mobile_width=&#8221;0&#8243; width=&#8221;1\/1&#8243; uncode_shortcode_id=&#8221;117670&#8243; back_color_type=&#8221;uncode-palette&#8221;][vc_column_text uncode_shortcode_id=&#8221;204020&#8243;]<\/p>\n<p style=\"text-align: center;\"><span style=\"font-size: 18pt; color: #000000;\"><span class=\"font-167140\">NUESTROS EQUIPOS DE TRABAJO<\/span><\/span><\/p>\n<p>[\/vc_column_text][vc_separator sep_color=&#8221;color-128080&#8243; uncode_shortcode_id=&#8221;176868&#8243; sep_color_type=&#8221;uncode-palette&#8221;][vc_column_text uncode_shortcode_id=&#8221;310175&#8243;]<\/p>\n<ul style=\"text-align: center;\">\n<li style=\"list-style-type: none;\"><span class=\"font-769965\" style=\"color: #000000;\">COMISI\u00d3N DIRECTIVA<\/span><\/li>\n<li style=\"list-style-type: none;\"><span class=\"font-769965\" style=\"color: #000000;\">BIBLIOTECARIOS<\/span><br \/>\n<span class=\"font-769965\" style=\"color: #000000;\">EQUIPO DE LIBROS<\/span><br \/>\n<span class=\"font-769965\" style=\"color: #000000;\">EQUIPOS DE PROMOCI\u00d3N DE LA LECTURA<\/span><br \/>\n<span class=\"font-769965\" style=\"color: #000000;\">EQUIPO DE SALIDAS Y VIAJES CULTURALES<\/span><br \/>\n<span class=\"font-769965\" style=\"color: #000000;\">EQUIPO DE ORGANIZACI\u00d3N DE TALLERES<\/span><\/li>\n<\/ul>\n<p>[\/vc_column_text][vc_empty_space empty_h=&#8221;2&#8243;][\/vc_column][\/vc_row][vc_row][vc_column column_width_percent=&#8221;100&#8243; gutter_size=&#8221;0&#8243; overlay_alpha=&#8221;50&#8243; shift_x=&#8221;0&#8243; shift_y=&#8221;0&#8243; shift_y_down=&#8221;0&#8243; z_index=&#8221;0&#8243; medium_width=&#8221;0&#8243; mobile_width=&#8221;0&#8243; width=&#8221;1\/1&#8243; uncode_shortcode_id=&#8221;331092&#8243;][vc_column_text uncode_shortcode_id=&#8221;118688&#8243;]<span style=\"font-size: 24pt; color: #000000;\"><span class=\"font-167140\">HISTORIA DE LA BIBLIOTECA POPULAR HISTORIADOR MUNZ\u00d3N<\/span><\/span>[\/vc_column_text][vc_separator sep_color=&#8221;color-128080&#8243; uncode_shortcode_id=&#8221;176868&#8243; sep_color_type=&#8221;uncode-palette&#8221;][vc_empty_space empty_h=&#8221;2&#8243;][vc_row_inner][vc_column_inner width=&#8221;1\/3&#8243;][vc_single_image media=&#8221;254&#8243; media_width_percent=&#8221;100&#8243; uncode_shortcode_id=&#8221;116116&#8243;][\/vc_column_inner][vc_column_inner width=&#8221;2\/3&#8243;][vc_column_text uncode_shortcode_id=&#8221;635348&#8243;]<\/p>\n<p class=\"p-2 mb-1 bt\"><span class=\"font-167140\" style=\"color: #000000; font-size: 14pt;\">Erase una vez, en una Sociedad de Fomento&#8230;<br \/>\n<\/span><span style=\"color: #000000; font-family: Montserrat;\">La historia de nuestra Biblioteca comenz\u00f3 la fr\u00eda ma\u00f1ana del 7 de julio de 1990. Miguel Biaggini, presidente de la Sociedad de Fomento del Barrio Parque General San Mart\u00edn de Bella Vista, invit\u00f3 a un grupo de vecinos, entre ellos, Lelia Nerone de Bersano, Alicia Ferrari de Hern\u00e1ndez, Olga Venditto, Mar\u00eda Teresa Fornillo, Francisco Benforte, Fernando Naddeo y Ricardo \u00c1lvarez Reynoso. El motivo de la reuni\u00f3n era contarles y entusiasmarlos con la idea de organizar una Biblioteca Popular para el barrio.<br \/>\nSe form\u00f3 una Comisi\u00f3n, liderada por la docente Lelia Nerone, para sumar voluntarios y gestionar un Estatuto, encontrar apoyo estatal y comunitario para armar desde cero una Biblioteca en el espacio cedido del entrepiso de la Sociadad de Fomento.<br \/>\nDespu\u00e9s de seis a\u00f1os, el 9 de julio de 1996 se inaugur\u00f3 en la Biblioteca Historiador Eduardo I. Munz\u00f3n, llamada as\u00ed en honor al ilustre profesor quien public\u00f3 en 1944 el libro \u201cHistoria del Partido de General Sarmiento\u201d, una investigaci\u00f3n de los or\u00edgenes de lo que hoy son los municipios de San Miguel, Malvinas Argentinas y Jos\u00e9 C. Paz.<br \/>\nEn septiembre del mismo a\u00f1o se abrieron las puertas al p\u00fablico. Gracias a la ayuda de bibliotecarios como Diana Melnik, Mercedes Boggio y Fernando Naddeo se pudieron catalogar los primeros libros donados y el vecino Hilario Ria\u00f1o lider\u00f3 el montaje de los estantes.<br \/>\nAl poco tiempo, la Biblioteca obtuvo la Personer\u00eda Jur\u00eddica, el reconocimiento de la Comisi\u00f3n Nacional de Bibliotecas Populares y la donaci\u00f3n de la municipalidad del predio para construir la sede propia, entre otros objetivos.<br \/>\nDespu\u00e9s de m\u00e1s de 10 a\u00f1os de construcci\u00f3n a pulm\u00f3n, en el invierno de 2012, la Biblioteca se traslad\u00f3 a la nueva sede propia en la esquina de la Av. Senador Mor\u00f3n y Olegario Andrade, a una cuadra de la Ex Ruta 8. El dise\u00f1o del edificio fue donado por el arquitecto asociado F\u00e9lix Guillermo Herrero y la construcci\u00f3n estuvo coordinada por el arquitecto H\u00e9ctor Bajo.<br \/>\nDesde entonces, La Biblioteca ha ido creciendo en el n\u00famero de libros, asociados y voluntarios. Lo mismo que la variedad de talleres y seminarios abiertos para la comunidad.<br \/>\nCon el \u00e9nfasis y el enfoque del fomento de la lectura y la difusi\u00f3n de las diversas manifestaciones art\u00edsticas, la Biblioteca se expande cada d\u00eda para consolidarse como un epicentro cultural para la zona.<br \/>\nComisi\u00f3n directiva fundacional: 2001-2003<\/span><\/p>\n<p>PRESIDENTE: Lelia C\u00e9lica Nerone<br \/>\nVICEPRESIDENTE: Amalia Gallo<br \/>\nSECRETARIA: Marta Lovisolo<br \/>\nTESORERA: \u00c1ngela Mirta Di Meo<br \/>\nVOCAL TITULAR I: Rosa Mazzaco<br \/>\nVOCAL TITULAR II: Elba V\u00e1squez<br \/>\nVOCAL TITULAR III: Nidia Noem\u00ed Gonz\u00e1lez<br \/>\nVOCAL SUPLENTE I: Martha Aldana Rodr\u00edguez<br \/>\nVOCAL SUPLENTE II: Gladys Zamora<br \/>\nREVISOR DE CUENTAS TIT.: Andr\u00e9s Bersano<br \/>\nREVISOR DE CUENTAS TIT.: Hilario Ria\u00f1o<br \/>\nREVISOR DE CUENTAS SUP.: Mar\u00eda Mercedes Boggio<br \/>\nREVISOR DE CUENTAS SUP.: &#8212;<\/p>\n<p>&nbsp;<\/p>\n<p>[\/vc_column_text][\/vc_column_inner][\/vc_row_inner][\/vc_column][\/vc_row]<\/p>\n","protected":false},"excerpt":{"rendered":"<p>[vc_row][vc_column column_width_percent=&#8221;100&#8243; gutter_size=&#8221;0&#8243; overlay_alpha=&#8221;50&#8243; shift_x=&#8221;0&#8243; shift_y=&#8221;0&#8243; shift_y_down=&#8221;0&#8243; z_index=&#8221;0&#8243; medium_width=&#8221;0&#8243; mobile_width=&#8221;0&#8243; width=&#8221;1\/1&#8243; uncode_shortcode_id=&#8221;331092&#8243;][vc_column_text uncode_shortcode_id=&#8221;107213&#8243;]A QU\u00c9 ASPIRAMOS[\/vc_column_text][vc_separator sep_color=&#8221;color-128080&#8243; uncode_shortcode_id=&#8221;176868&#8243; sep_color_type=&#8221;uncode-palette&#8221;][vc_column_text uncode_shortcode_id=&#8221;167905&#8243;] Los [&hellip;]<\/p>\n","protected":false},"author":1,"featured_media":0,"parent":0,"menu_order":0,"comment_status":"closed","ping_status":"closed","template":"","meta":{"footnotes":""},"class_list":["post-63","page","type-page","status-publish","hentry"],"_links":{"self":[{"href":"https:\/\/bibliotecamunzon.ar\/index.php\/wp-json\/wp\/v2\/pages\/63","targetHints":{"allow":["GET"]}}],"collection":[{"href":"https:\/\/bibliotecamunzon.ar\/index.php\/wp-json\/wp\/v2\/pages"}],"about":[{"href":"https:\/\/bibliotecamunzon.ar\/index.php\/wp-json\/wp\/v2\/types\/page"}],"author":[{"embeddable":true,"href":"https:\/\/bibliotecamunzon.ar\/index.php\/wp-json\/wp\/v2\/users\/1"}],"replies":[{"embeddable":true,"href":"https:\/\/bibliotecamunzon.ar\/index.php\/wp-json\/wp\/v2\/comments?post=63"}],"version-history":[{"count":75,"href":"https:\/\/bibliotecamunzon.ar\/index.php\/wp-json\/wp\/v2\/pages\/63\/revisions"}],"predecessor-version":[{"id":425,"href":"https:\/\/bibliotecamunzon.ar\/index.php\/wp-json\/wp\/v2\/pages\/63\/revisions\/425"}],"wp:attachment":[{"href":"https:\/\/bibliotecamunzon.ar\/index.php\/wp-json\/wp\/v2\/media?parent=63"}],"curies":[{"name":"wp","href":"https:\/\/api.w.org\/{rel}","templated":true}]}}