{"id":65,"date":"2025-06-26T11:27:39","date_gmt":"2025-06-26T14:27:39","guid":{"rendered":"https:\/\/bibliotecamunzon.ar\/?page_id=65"},"modified":"2026-02-18T12:17:03","modified_gmt":"2026-02-18T15:17:03","slug":"talleres-y-seminarios","status":"publish","type":"page","link":"https:\/\/bibliotecamunzon.ar\/index.php\/talleres-y-seminarios\/","title":{"rendered":"TALLERES Y SEMINARIOS"},"content":{"rendered":"<p>[vc_row][vc_column column_width_percent=&#8221;100&#8243; gutter_size=&#8221;0&#8243; overlay_alpha=&#8221;50&#8243; shift_x=&#8221;0&#8243; shift_y=&#8221;0&#8243; shift_y_down=&#8221;0&#8243; z_index=&#8221;0&#8243; medium_width=&#8221;0&#8243; mobile_width=&#8221;0&#8243; width=&#8221;1\/1&#8243; uncode_shortcode_id=&#8221;331092&#8243;][vc_column_text uncode_shortcode_id=&#8221;626435&#8243;]<\/p>\n<p style=\"text-align: center;\"><span style=\"font-size: 24pt; color: #000000;\"><span class=\"font-167140\">TALLERES Y SEMINARIOS EN LA BIBLIOTECA POPULAR HISTORIADOR MUNZ\u00d3N<\/span><\/span><\/p>\n<p>[\/vc_column_text][vc_separator sep_color=&#8221;color-128080&#8243; uncode_shortcode_id=&#8221;176868&#8243; sep_color_type=&#8221;uncode-palette&#8221;][vc_column_text uncode_shortcode_id=&#8221;237696&#8243;]<\/p>\n<p class=\"p-2 mb-1 bt\"><span class=\"font-769965\" style=\"color: #000000;\">Los talleres en la BPH Munz\u00f3n est\u00e1n destinados a toda la comunidad, ofreciendo variedad de tem\u00e1ticas de inter\u00e9s y aranceles accesibles, con descuento a los asociados.<\/span><\/p>\n<p>&nbsp;<\/p>\n<p class=\"p-2 mb-1 bt\"><span class=\"font-769965\" style=\"color: #000000;\">Desde el aprendizaje de idiomas, expresiones art\u00edsticas, manualidades, ajedrez intentamos ofrecer actividades de inter\u00e9s para la diversidad de los usuarios que concurren a la biblioteca.<br \/>\nLos talleres tienen una periodicidad de una clase semanal y son anuales.<\/span><\/p>\n<p>&nbsp;<\/p>\n<p class=\"p-2 mb-1 bt\"><span class=\"font-769965\" style=\"color: #000000;\">Durante el a\u00f1o se realizan diferentes seminarios de una jornada o varias, en los que el objetivo principal es concentrar las actividades en pocas clases para facilitar la concurrencia de quienes no puedan hacerlo de manera anual o abarcar tem\u00e1ticas muy espec\u00edficas.<br \/>\n<\/span><\/p>\n<p>[\/vc_column_text][vc_empty_space empty_h=&#8221;2&#8243;][vc_empty_space empty_h=&#8221;2&#8243;][vc_separator sep_color=&#8221;color-128080&#8243; uncode_shortcode_id=&#8221;176868&#8243; sep_color_type=&#8221;uncode-palette&#8221;][vc_column_text uncode_shortcode_id=&#8221;132555&#8243;]<\/p>\n<p style=\"text-align: center;\"><em><span style=\"font-size: 36pt; color: #000000;\"><span class=\"font-167140\">TALLERES 2026<\/span><\/span><\/em><\/p>\n<p>[\/vc_column_text][vc_separator sep_color=&#8221;color-128080&#8243; uncode_shortcode_id=&#8221;176868&#8243; sep_color_type=&#8221;uncode-palette&#8221;][\/vc_column][\/vc_row][vc_row][vc_column width=&#8221;1\/1&#8243;][vc_column_text uncode_shortcode_id=&#8221;104841&#8243;]<\/p>\n<p class=\"p-2 mb-1 bt\" style=\"text-align: center;\"><span class=\"font-769965\" style=\"color: #000000;\"><span style=\"font-size: 24pt;\">IDIOMAS<\/span><br \/>\n<\/span><\/p>\n<p>[\/vc_column_text][vc_gallery el_id=&#8221;gallery-356751&#8243; medias=&#8221;715,717,716,714,708&#8243; gutter_size=&#8221;3&#8243; screen_lg=&#8221;1000&#8243; screen_md=&#8221;600&#8243; screen_sm=&#8221;480&#8243; single_width=&#8221;3&#8243; single_overlay_opacity=&#8221;50&#8243; single_padding=&#8221;2&#8243; uncode_shortcode_id=&#8221;107738&#8243; title=&#8221;TALLERES IDIOMAS&#8221;][vc_column_text uncode_shortcode_id=&#8221;183184&#8243;]<\/p>\n<p class=\"p-2 mb-1 bt\" style=\"text-align: center;\"><span class=\"font-769965\" style=\"color: #000000;\"><span style=\"font-size: 24pt;\">M\u00c1S TALLERES<\/span><br \/>\n<\/span><\/p>\n<p>[\/vc_column_text][vc_gallery el_id=&#8221;gallery-3567519&#8243; medias=&#8221;720,719,718,713,712,711,710,709,707,706&#8243; gutter_size=&#8221;3&#8243; screen_lg=&#8221;1000&#8243; screen_md=&#8221;600&#8243; screen_sm=&#8221;480&#8243; single_width=&#8221;3&#8243; single_overlay_opacity=&#8221;50&#8243; single_padding=&#8221;2&#8243; uncode_shortcode_id=&#8221;209576&#8243; title=&#8221;TALLERES IDIOMAS&#8221;][\/vc_column][\/vc_row]<\/p>\n","protected":false},"excerpt":{"rendered":"<p>[vc_row][vc_column column_width_percent=&#8221;100&#8243; gutter_size=&#8221;0&#8243; overlay_alpha=&#8221;50&#8243; shift_x=&#8221;0&#8243; shift_y=&#8221;0&#8243; shift_y_down=&#8221;0&#8243; z_index=&#8221;0&#8243; medium_width=&#8221;0&#8243; mobile_width=&#8221;0&#8243; width=&#8221;1\/1&#8243; uncode_shortcode_id=&#8221;331092&#8243;][vc_column_text uncode_shortcode_id=&#8221;626435&#8243;] TALLERES Y SEMINARIOS EN LA BIBLIOTECA POPULAR [&hellip;]<\/p>\n","protected":false},"author":1,"featured_media":0,"parent":0,"menu_order":0,"comment_status":"closed","ping_status":"closed","template":"","meta":{"footnotes":""},"class_list":["post-65","page","type-page","status-publish","hentry"],"_links":{"self":[{"href":"https:\/\/bibliotecamunzon.ar\/index.php\/wp-json\/wp\/v2\/pages\/65","targetHints":{"allow":["GET"]}}],"collection":[{"href":"https:\/\/bibliotecamunzon.ar\/index.php\/wp-json\/wp\/v2\/pages"}],"about":[{"href":"https:\/\/bibliotecamunzon.ar\/index.php\/wp-json\/wp\/v2\/types\/page"}],"author":[{"embeddable":true,"href":"https:\/\/bibliotecamunzon.ar\/index.php\/wp-json\/wp\/v2\/users\/1"}],"replies":[{"embeddable":true,"href":"https:\/\/bibliotecamunzon.ar\/index.php\/wp-json\/wp\/v2\/comments?post=65"}],"version-history":[{"count":28,"href":"https:\/\/bibliotecamunzon.ar\/index.php\/wp-json\/wp\/v2\/pages\/65\/revisions"}],"predecessor-version":[{"id":724,"href":"https:\/\/bibliotecamunzon.ar\/index.php\/wp-json\/wp\/v2\/pages\/65\/revisions\/724"}],"wp:attachment":[{"href":"https:\/\/bibliotecamunzon.ar\/index.php\/wp-json\/wp\/v2\/media?parent=65"}],"curies":[{"name":"wp","href":"https:\/\/api.w.org\/{rel}","templated":true}]}}