{"id":71,"date":"2025-06-26T11:42:36","date_gmt":"2025-06-26T14:42:36","guid":{"rendered":"https:\/\/bibliotecamunzon.ar\/?page_id=71"},"modified":"2026-04-23T13:24:05","modified_gmt":"2026-04-23T16:24:05","slug":"calendario-de-eventos","status":"publish","type":"page","link":"https:\/\/bibliotecamunzon.ar\/index.php\/calendario-de-eventos\/","title":{"rendered":"CALENDARIO DE EVENTOS"},"content":{"rendered":"<p>[vc_row][vc_column column_width_percent=&#8221;100&#8243; gutter_size=&#8221;0&#8243; overlay_alpha=&#8221;50&#8243; shift_x=&#8221;0&#8243; shift_y=&#8221;0&#8243; shift_y_down=&#8221;0&#8243; z_index=&#8221;0&#8243; medium_width=&#8221;0&#8243; mobile_width=&#8221;0&#8243; width=&#8221;1\/1&#8243; uncode_shortcode_id=&#8221;212469&#8243;][vc_column_text uncode_shortcode_id=&#8221;102377&#8243;]<\/p>\n<p style=\"text-align: center;\"><span style=\"font-size: 14pt; color: #000000;\"><span class=\"font-167140\">CALENDARIO DE EVENTOS DE LA BIBLIOTECA POPULAR HISTORIADOR MUNZ\u00d3N<\/span><\/span><\/p>\n<p>[\/vc_column_text][vc_separator sep_color=&#8221;color-128080&#8243; uncode_shortcode_id=&#8221;176868&#8243; sep_color_type=&#8221;uncode-palette&#8221;][\/vc_column][\/vc_row][vc_row row_height_percent=&#8221;0&#8243; overlay_color=&#8221;color-lxmt&#8221; overlay_alpha=&#8221;25&#8243; gutter_size=&#8221;3&#8243; column_width_percent=&#8221;100&#8243; shift_y=&#8221;-1&#8243; z_index=&#8221;0&#8243; content_parallax=&#8221;0&#8243; uncode_shortcode_id=&#8221;145292&#8243; overlay_color_type=&#8221;uncode-palette&#8221;][vc_column width=&#8221;1\/1&#8243;][vc_column_text uncode_shortcode_id=&#8221;944653&#8243;]<\/p>\n<p style=\"text-align: center;\"><span style=\"font-size: 36pt; color: #000000;\"><span class=\"font-167140\">ABRIL 2026<\/span><\/span><\/p>\n<p>[\/vc_column_text][\/vc_column][\/vc_row][vc_row][vc_column column_width_percent=&#8221;100&#8243; gutter_size=&#8221;0&#8243; expand_height=&#8221;yes&#8221; overlay_color=&#8221;color-lxmt&#8221; overlay_alpha=&#8221;25&#8243; shift_x=&#8221;0&#8243; shift_y=&#8221;0&#8243; shift_y_down=&#8221;0&#8243; z_index=&#8221;0&#8243; medium_width=&#8221;0&#8243; mobile_width=&#8221;0&#8243; width=&#8221;1\/3&#8243; uncode_shortcode_id=&#8221;124151&#8243; overlay_color_type=&#8221;uncode-palette&#8221;][vc_single_image media=&#8221;788&#8243; media_width_percent=&#8221;100&#8243; uncode_shortcode_id=&#8221;156431&#8243;][vc_column_text uncode_shortcode_id=&#8221;274730&#8243;]<strong><span style=\"color: #000000;\">CHARLA: &#8220;REDISE\u00d1O DEL JARD\u00cdN DE ESPECIES NATIVAS&#8221;<\/span><\/strong><\/p>\n<p><strong><span style=\"color: #000000;\">\ud83d\udcc5 S\u00c1BADO 25\/4<\/span><\/strong><\/p>\n<p><strong><span style=\"color: #000000;\">\ud83d\udd52 12:00 Hs.<\/span><\/strong>[\/vc_column_text][vc_separator sep_color=&#8221;color-128080&#8243; icon_position=&#8221;right&#8221; type=&#8221;dashed&#8221; uncode_shortcode_id=&#8221;921810&#8243; sep_color_type=&#8221;uncode-palette&#8221;][vc_column_text uncode_shortcode_id=&#8221;140178&#8243;]<span style=\"color: #000000;\">REDISE\u00d1O DEL JARD\u00cdN Y PLANTACI\u00d3N DE ESPECIES NATIVAS: Celebrando nuestro 30 aniversario, renovamos el JARD\u00cdN DE ESPECIES NATIVAS RIOPLATENSES.<\/span><\/p>\n<p><span style=\"color: #000000;\">CAPACIDAD LIMITADA.<\/span><\/p>\n<p><span style=\"color: #000000;\">RESERVAS: <strong>4668-2270 \/ 11-3278-9590<\/strong><\/span>[\/vc_column_text][\/vc_column][vc_column column_width_percent=&#8221;100&#8243; gutter_size=&#8221;0&#8243; expand_height=&#8221;yes&#8221; overlay_color=&#8221;color-lxmt&#8221; overlay_alpha=&#8221;25&#8243; radius=&#8221;std&#8221; shift_x=&#8221;0&#8243; shift_y=&#8221;0&#8243; shift_y_down=&#8221;0&#8243; z_index=&#8221;0&#8243; medium_width=&#8221;0&#8243; mobile_visibility=&#8221;yes&#8221; mobile_width=&#8221;0&#8243; width=&#8221;1\/3&#8243; uncode_shortcode_id=&#8221;626734&#8243; overlay_color_type=&#8221;uncode-palette&#8221;][vc_single_image media=&#8221;419&#8243; media_width_percent=&#8221;100&#8243; uncode_shortcode_id=&#8221;171554&#8243;][vc_empty_space empty_h=&#8221;2&#8243;][vc_separator sep_color=&#8221;color-128080&#8243; type=&#8221;dashed&#8221; uncode_shortcode_id=&#8221;985523&#8243; sep_color_type=&#8221;uncode-palette&#8221;][vc_empty_space empty_h=&#8221;2&#8243;][\/vc_column][vc_column column_width_percent=&#8221;100&#8243; gutter_size=&#8221;0&#8243; expand_height=&#8221;yes&#8221; overlay_color=&#8221;color-lxmt&#8221; overlay_alpha=&#8221;26&#8243; shift_x=&#8221;0&#8243; shift_y=&#8221;0&#8243; shift_y_down=&#8221;0&#8243; z_index=&#8221;0&#8243; medium_width=&#8221;0&#8243; mobile_visibility=&#8221;yes&#8221; mobile_width=&#8221;0&#8243; width=&#8221;1\/3&#8243; uncode_shortcode_id=&#8221;144176&#8243; overlay_color_type=&#8221;uncode-palette&#8221;][vc_single_image media=&#8221;419&#8243; media_width_percent=&#8221;100&#8243; uncode_shortcode_id=&#8221;143635&#8243;][vc_empty_space empty_h=&#8221;2&#8243;][vc_separator sep_color=&#8221;color-128080&#8243; icon_position=&#8221;right&#8221; type=&#8221;dashed&#8221; uncode_shortcode_id=&#8221;654629&#8243; sep_color_type=&#8221;uncode-palette&#8221;][vc_empty_space empty_h=&#8221;2&#8243;][\/vc_column][\/vc_row][vc_row row_height_percent=&#8221;0&#8243; overlay_color=&#8221;color-lxmt&#8221; overlay_alpha=&#8221;25&#8243; gutter_size=&#8221;3&#8243; column_width_percent=&#8221;100&#8243; shift_y=&#8221;-1&#8243; z_index=&#8221;0&#8243; content_parallax=&#8221;0&#8243; uncode_shortcode_id=&#8221;145292&#8243; overlay_color_type=&#8221;uncode-palette&#8221;][vc_column width=&#8221;1\/1&#8243;][vc_column_text uncode_shortcode_id=&#8221;277722&#8243;]<\/p>\n<p style=\"text-align: center;\"><span style=\"font-size: 36pt; color: #000000;\"><span class=\"font-167140\">MARZO 2026<\/span><\/span><\/p>\n<p>[\/vc_column_text][\/vc_column][\/vc_row][vc_row][vc_column column_width_percent=&#8221;100&#8243; gutter_size=&#8221;0&#8243; expand_height=&#8221;yes&#8221; overlay_color=&#8221;color-lxmt&#8221; overlay_alpha=&#8221;25&#8243; radius=&#8221;std&#8221; shift_x=&#8221;0&#8243; shift_y=&#8221;0&#8243; shift_y_down=&#8221;0&#8243; z_index=&#8221;0&#8243; medium_width=&#8221;0&#8243; mobile_width=&#8221;0&#8243; width=&#8221;1\/3&#8243; uncode_shortcode_id=&#8221;136855&#8243; overlay_color_type=&#8221;uncode-palette&#8221;][vc_single_image media=&#8221;731&#8243; media_width_percent=&#8221;100&#8243; uncode_shortcode_id=&#8221;166173&#8243;][vc_column_text uncode_shortcode_id=&#8221;194682&#8243;]<strong><span style=\"color: #000000;\">ASAMBLEA EXTRAORDINARIA:<br \/>\nPARA SOCIOS.<\/span><\/strong><\/p>\n<p><strong><span style=\"color: #000000;\">\ud83d\udcc5\u00a0 VIERNES 27\/3\u00a0<\/span><\/strong><\/p>\n<p><strong><span style=\"color: #000000;\">\ud83d\udd52 17:00 Hs.<\/span><\/strong>[\/vc_column_text][vc_separator sep_color=&#8221;color-128080&#8243; type=&#8221;dashed&#8221; uncode_shortcode_id=&#8221;985523&#8243; sep_color_type=&#8221;uncode-palette&#8221;][vc_empty_space empty_h=&#8221;2&#8243;][\/vc_column][vc_column column_width_percent=&#8221;100&#8243; gutter_size=&#8221;0&#8243; expand_height=&#8221;yes&#8221; overlay_color=&#8221;color-lxmt&#8221; overlay_alpha=&#8221;26&#8243; shift_x=&#8221;0&#8243; shift_y=&#8221;0&#8243; shift_y_down=&#8221;0&#8243; z_index=&#8221;0&#8243; medium_width=&#8221;0&#8243; mobile_width=&#8221;0&#8243; width=&#8221;1\/3&#8243; uncode_shortcode_id=&#8221;164999&#8243; overlay_color_type=&#8221;uncode-palette&#8221;][vc_single_image media=&#8221;730&#8243; media_width_percent=&#8221;100&#8243; uncode_shortcode_id=&#8221;171539&#8243;][vc_column_text uncode_shortcode_id=&#8221;181582&#8243;]<strong><span style=\"color: #000000;\">ASAMBLEA ANUAL:<br \/>\nPARA SOCIOS.<\/span><\/strong><\/p>\n<p><strong><span style=\"color: #000000;\">\ud83d\udcc5 VIERNES 27\/3<\/span><\/strong><\/p>\n<p><strong><span style=\"color: #000000;\">\ud83d\udd52 18:00 Hs.<\/span><\/strong>[\/vc_column_text][vc_separator sep_color=&#8221;color-128080&#8243; icon_position=&#8221;right&#8221; type=&#8221;dashed&#8221; uncode_shortcode_id=&#8221;654629&#8243; sep_color_type=&#8221;uncode-palette&#8221;][vc_empty_space empty_h=&#8221;2&#8243;][\/vc_column][vc_column column_width_percent=&#8221;100&#8243; gutter_size=&#8221;0&#8243; expand_height=&#8221;yes&#8221; overlay_color=&#8221;color-lxmt&#8221; overlay_alpha=&#8221;25&#8243; shift_x=&#8221;0&#8243; shift_y=&#8221;0&#8243; shift_y_down=&#8221;0&#8243; z_index=&#8221;0&#8243; medium_width=&#8221;0&#8243; mobile_visibility=&#8221;yes&#8221; mobile_width=&#8221;0&#8243; width=&#8221;1\/3&#8243; uncode_shortcode_id=&#8221;191164&#8243; overlay_color_type=&#8221;uncode-palette&#8221;][vc_single_image media=&#8221;767&#8243; media_width_percent=&#8221;100&#8243; uncode_shortcode_id=&#8221;119066&#8243;][vc_column_text uncode_shortcode_id=&#8221;144729&#8243;]<strong><span style=\"color: #000000;\">CINE: &#8220;VALOR SENTIMENTAL&#8221;.<\/span><\/strong><\/p>\n<p><strong><span style=\"color: #000000;\">\ud83d\udcc5 VIERNES 20\/3<\/span><\/strong><\/p>\n<p><strong><span style=\"color: #000000;\">\ud83d\udd52 18:30 Hs.<\/span><\/strong>[\/vc_column_text][vc_separator sep_color=&#8221;color-128080&#8243; icon_position=&#8221;right&#8221; type=&#8221;dashed&#8221; uncode_shortcode_id=&#8221;921810&#8243; sep_color_type=&#8221;uncode-palette&#8221;][vc_column_text uncode_shortcode_id=&#8221;126336&#8243;]<span style=\"color: #000000;\">Proyecci\u00f3n de la pel\u00edcula &#8220;Valor Sentimental&#8221;.<br \/>\n<\/span><span style=\"color: #000000;\">BONO CONTRIBUCI\u00d3N <\/span><strong style=\"color: #000000;\">$5.000<\/strong><span style=\"color: #000000;\">.<br \/>\n<\/span><span style=\"color: #000000;\">Lo recaudado ser\u00e1 destinado a la compra en la Feria del Libro 2026.<br \/>\n<\/span><span style=\"color: #000000;\">CAPACIDAD LIMITADA.<\/span><\/p>\n<p><span style=\"color: #000000;\">RESERVAS: <strong>4668-2270 \/ 11-3278-9590<\/strong><\/span>[\/vc_column_text][\/vc_column][\/vc_row][vc_row row_height_percent=&#8221;0&#8243; back_color=&#8221;color-676036&#8243; overlay_alpha=&#8221;50&#8243; gutter_size=&#8221;3&#8243; column_width_percent=&#8221;100&#8243; shift_y=&#8221;0&#8243; z_index=&#8221;0&#8243; content_parallax=&#8221;0&#8243; uncode_shortcode_id=&#8221;201997&#8243; back_color_type=&#8221;uncode-palette&#8221;][vc_column width=&#8221;1\/1&#8243;][vc_column_text border_color=&#8221;color-lxmt&#8221; border_style=&#8221;dashed&#8221; uncode_shortcode_id=&#8221;201936&#8243; border_color_type=&#8221;uncode-palette&#8221;]<\/p>\n<p style=\"text-align: center;\"><span style=\"font-size: 24pt;\"><a href=\"https:\/\/bibliotecamunzon.ar\/index.php\/calendario-de-eventos-2025\/\"><span style=\"color: #ffffff;\"><span class=\"font-167140\">CONOC\u00c9 LOS EVENTOS REALIZADOS EN EL A\u00d1O 2025<\/span><\/span><\/a><\/span><\/p>\n<p>[\/vc_column_text][\/vc_column][\/vc_row]<\/p>\n","protected":false},"excerpt":{"rendered":"<p>[vc_row][vc_column column_width_percent=&#8221;100&#8243; gutter_size=&#8221;0&#8243; overlay_alpha=&#8221;50&#8243; shift_x=&#8221;0&#8243; shift_y=&#8221;0&#8243; shift_y_down=&#8221;0&#8243; z_index=&#8221;0&#8243; medium_width=&#8221;0&#8243; mobile_width=&#8221;0&#8243; width=&#8221;1\/1&#8243; uncode_shortcode_id=&#8221;212469&#8243;][vc_column_text uncode_shortcode_id=&#8221;102377&#8243;] CALENDARIO DE EVENTOS DE LA BIBLIOTECA POPULAR [&hellip;]<\/p>\n","protected":false},"author":1,"featured_media":0,"parent":0,"menu_order":0,"comment_status":"closed","ping_status":"closed","template":"","meta":{"footnotes":""},"class_list":["post-71","page","type-page","status-publish","hentry"],"_links":{"self":[{"href":"https:\/\/bibliotecamunzon.ar\/index.php\/wp-json\/wp\/v2\/pages\/71","targetHints":{"allow":["GET"]}}],"collection":[{"href":"https:\/\/bibliotecamunzon.ar\/index.php\/wp-json\/wp\/v2\/pages"}],"about":[{"href":"https:\/\/bibliotecamunzon.ar\/index.php\/wp-json\/wp\/v2\/types\/page"}],"author":[{"embeddable":true,"href":"https:\/\/bibliotecamunzon.ar\/index.php\/wp-json\/wp\/v2\/users\/1"}],"replies":[{"embeddable":true,"href":"https:\/\/bibliotecamunzon.ar\/index.php\/wp-json\/wp\/v2\/comments?post=71"}],"version-history":[{"count":124,"href":"https:\/\/bibliotecamunzon.ar\/index.php\/wp-json\/wp\/v2\/pages\/71\/revisions"}],"predecessor-version":[{"id":795,"href":"https:\/\/bibliotecamunzon.ar\/index.php\/wp-json\/wp\/v2\/pages\/71\/revisions\/795"}],"wp:attachment":[{"href":"https:\/\/bibliotecamunzon.ar\/index.php\/wp-json\/wp\/v2\/media?parent=71"}],"curies":[{"name":"wp","href":"https:\/\/api.w.org\/{rel}","templated":true}]}}